{"id":429,"date":"2025-08-21T20:58:10","date_gmt":"2025-08-21T20:58:10","guid":{"rendered":"https:\/\/insiri.eu\/?page_id=429"},"modified":"2025-09-03T23:03:53","modified_gmt":"2025-09-03T21:03:53","slug":"o-nas","status":"publish","type":"page","link":"https:\/\/insiri.eu\/sl\/o-nas\/","title":{"rendered":"O nas"},"content":{"rendered":"<p data-start=\"191\" data-end=\"437\">Smo dru\u017einsko podjetje z dolgoletno tradicijo, saj poslujemo \u017ee od leta 1992. V letu 2025 smo ponovno obudili sodelovanje s prijatelji iz \u0160vedske, ki so razvili inovativen in kakovosten izdelek za za\u0161\u010dito indukcijskih plo\u0161\u010d.<\/p>\n<p data-start=\"439\" data-end=\"593\">V partnerstvu z njimi ta izdelek z veseljem ponujamo tudi na na\u0161ih bli\u017enjih tr\u017ei\u0161\u010dih, saj trdno verjamemo v \u0161vedsko kakovost in vrednost, ki jo prina\u0161a.<\/p>\n<p data-start=\"595\" data-end=\"679\">Na\u0161 cilj je zagotavljati hitro dostavo ter enostavno in prijetno nakupno izku\u0161njo.<\/p>\n<p data-start=\"681\" data-end=\"759\">Za vsa vpra\u0161anja smo vam na voljo na <a class=\"decorated-link cursor-pointer\" rel=\"noopener\" data-start=\"718\" data-end=\"735\">trgovina@wisst.eu<\/a> ali +386 51 731 751.<\/p>\n","protected":false},"excerpt":{"rendered":"<p>Smo dru\u017einsko podjetje z dolgoletno tradicijo, saj poslujemo \u017ee od leta 1992. V letu 2025 smo ponovno obudili sodelovanje s prijatelji iz \u0160vedske, ki so razvili inovativen in kakovosten izdelek za za\u0161\u010dito indukcijskih plo\u0161\u010d. V partnerstvu z njimi ta izdelek z veseljem ponujamo tudi na na\u0161ih bli\u017enjih tr\u017ei\u0161\u010dih, saj trdno verjamemo v \u0161vedsko kakovost in [&hellip;]<\/p>\n","protected":false},"author":1,"featured_media":0,"parent":0,"menu_order":0,"comment_status":"closed","ping_status":"closed","template":"","meta":{"site-sidebar-layout":"default","site-content-layout":"","ast-site-content-layout":"default","site-content-style":"default","site-sidebar-style":"default","ast-global-header-display":"","ast-banner-title-visibility":"","ast-main-header-display":"","ast-hfb-above-header-display":"","ast-hfb-below-header-display":"","ast-hfb-mobile-header-display":"","site-post-title":"","ast-breadcrumbs-content":"","ast-featured-img":"","footer-sml-layout":"","ast-disable-related-posts":"","theme-transparent-header-meta":"default","adv-header-id-meta":"","stick-header-meta":"","header-above-stick-meta":"","header-main-stick-meta":"","header-below-stick-meta":"","astra-migrate-meta-layouts":"set","ast-page-background-enabled":"default","ast-page-background-meta":{"desktop":{"background-color":"var(--ast-global-color-5)","background-image":"","background-repeat":"repeat","background-position":"center center","background-size":"auto","background-attachment":"scroll","background-type":"","background-media":"","overlay-type":"","overlay-color":"","overlay-opacity":"","overlay-gradient":""},"tablet":{"background-color":"","background-image":"","background-repeat":"repeat","background-position":"center center","background-size":"auto","background-attachment":"scroll","background-type":"","background-media":"","overlay-type":"","overlay-color":"","overlay-opacity":"","overlay-gradient":""},"mobile":{"background-color":"","background-image":"","background-repeat":"repeat","background-position":"center center","background-size":"auto","background-attachment":"scroll","background-type":"","background-media":"","overlay-type":"","overlay-color":"","overlay-opacity":"","overlay-gradient":""}},"ast-content-background-meta":{"desktop":{"background-color":"var(--ast-global-color-4)","background-image":"","background-repeat":"repeat","background-position":"center center","background-size":"auto","background-attachment":"scroll","background-type":"","background-media":"","overlay-type":"","overlay-color":"","overlay-opacity":"","overlay-gradient":""},"tablet":{"background-color":"var(--ast-global-color-4)","background-image":"","background-repeat":"repeat","background-position":"center center","background-size":"auto","background-attachment":"scroll","background-type":"","background-media":"","overlay-type":"","overlay-color":"","overlay-opacity":"","overlay-gradient":""},"mobile":{"background-color":"var(--ast-global-color-4)","background-image":"","background-repeat":"repeat","background-position":"center center","background-size":"auto","background-attachment":"scroll","background-type":"","background-media":"","overlay-type":"","overlay-color":"","overlay-opacity":"","overlay-gradient":""}},"_glsr_average":0,"_glsr_ranking":0,"_glsr_reviews":0,"footnotes":""},"class_list":["post-429","page","type-page","status-publish","hentry"],"_links":{"self":[{"href":"https:\/\/insiri.eu\/sl\/wp-json\/wp\/v2\/pages\/429","targetHints":{"allow":["GET"]}}],"collection":[{"href":"https:\/\/insiri.eu\/sl\/wp-json\/wp\/v2\/pages"}],"about":[{"href":"https:\/\/insiri.eu\/sl\/wp-json\/wp\/v2\/types\/page"}],"author":[{"embeddable":true,"href":"https:\/\/insiri.eu\/sl\/wp-json\/wp\/v2\/users\/1"}],"replies":[{"embeddable":true,"href":"https:\/\/insiri.eu\/sl\/wp-json\/wp\/v2\/comments?post=429"}],"version-history":[{"count":3,"href":"https:\/\/insiri.eu\/sl\/wp-json\/wp\/v2\/pages\/429\/revisions"}],"predecessor-version":[{"id":763,"href":"https:\/\/insiri.eu\/sl\/wp-json\/wp\/v2\/pages\/429\/revisions\/763"}],"wp:attachment":[{"href":"https:\/\/insiri.eu\/sl\/wp-json\/wp\/v2\/media?parent=429"}],"curies":[{"name":"wp","href":"https:\/\/api.w.org\/{rel}","templated":true}]}}