{"id":427,"date":"2025-08-21T20:55:42","date_gmt":"2025-08-21T20:55:42","guid":{"rendered":"https:\/\/insiri.eu\/?page_id=427"},"modified":"2025-08-21T20:55:42","modified_gmt":"2025-08-21T20:55:42","slug":"dostava-in-placila","status":"publish","type":"page","link":"https:\/\/insiri.eu\/sl\/dostava-in-placila\/","title":{"rendered":"Dostava in pla\u010dila"},"content":{"rendered":"<h4>Dostava:<\/h4>\n<ul>\n<li>Pakete dostavljamo preko Po\u0161ta Slovenije.<\/li>\n<li>Stro\u0161ek dostave: 2,49 \u20ac.<\/li>\n<li>Ob naro\u010dilu nad 50 \u20ac je dostava brezpla\u010dna.<\/li>\n<li>Rok dostave: 2\u20135 delovnih dni po prilivu sredstev na TRR.<\/li>\n<\/ul>\n<h4>Pla\u010dila:<\/h4>\n<ul>\n<li>Po predra\u010dunu<\/li>\n<li>Karti\u010dno pla\u010dilo<\/li>\n<\/ul>\n","protected":false},"excerpt":{"rendered":"<p>Dostava: Pakete dostavljamo preko Po\u0161ta Slovenije. Stro\u0161ek dostave: 2,49 \u20ac. Ob naro\u010dilu nad 50 \u20ac je dostava brezpla\u010dna. Rok dostave: 2\u20135 delovnih dni po prilivu sredstev na TRR. Pla\u010dila: Po predra\u010dunu Karti\u010dno pla\u010dilo<\/p>\n","protected":false},"author":1,"featured_media":0,"parent":0,"menu_order":0,"comment_status":"closed","ping_status":"closed","template":"","meta":{"site-sidebar-layout":"default","site-content-layout":"","ast-site-content-layout":"default","site-content-style":"default","site-sidebar-style":"default","ast-global-header-display":"","ast-banner-title-visibility":"","ast-main-header-display":"","ast-hfb-above-header-display":"","ast-hfb-below-header-display":"","ast-hfb-mobile-header-display":"","site-post-title":"","ast-breadcrumbs-content":"","ast-featured-img":"","footer-sml-layout":"","ast-disable-related-posts":"","theme-transparent-header-meta":"default","adv-header-id-meta":"","stick-header-meta":"","header-above-stick-meta":"","header-main-stick-meta":"","header-below-stick-meta":"","astra-migrate-meta-layouts":"set","ast-page-background-enabled":"default","ast-page-background-meta":{"desktop":{"background-color":"var(--ast-global-color-5)","background-image":"","background-repeat":"repeat","background-position":"center center","background-size":"auto","background-attachment":"scroll","background-type":"","background-media":"","overlay-type":"","overlay-color":"","overlay-opacity":"","overlay-gradient":""},"tablet":{"background-color":"","background-image":"","background-repeat":"repeat","background-position":"center center","background-size":"auto","background-attachment":"scroll","background-type":"","background-media":"","overlay-type":"","overlay-color":"","overlay-opacity":"","overlay-gradient":""},"mobile":{"background-color":"","background-image":"","background-repeat":"repeat","background-position":"center center","background-size":"auto","background-attachment":"scroll","background-type":"","background-media":"","overlay-type":"","overlay-color":"","overlay-opacity":"","overlay-gradient":""}},"ast-content-background-meta":{"desktop":{"background-color":"var(--ast-global-color-4)","background-image":"","background-repeat":"repeat","background-position":"center center","background-size":"auto","background-attachment":"scroll","background-type":"","background-media":"","overlay-type":"","overlay-color":"","overlay-opacity":"","overlay-gradient":""},"tablet":{"background-color":"var(--ast-global-color-4)","background-image":"","background-repeat":"repeat","background-position":"center center","background-size":"auto","background-attachment":"scroll","background-type":"","background-media":"","overlay-type":"","overlay-color":"","overlay-opacity":"","overlay-gradient":""},"mobile":{"background-color":"var(--ast-global-color-4)","background-image":"","background-repeat":"repeat","background-position":"center center","background-size":"auto","background-attachment":"scroll","background-type":"","background-media":"","overlay-type":"","overlay-color":"","overlay-opacity":"","overlay-gradient":""}},"_glsr_average":0,"_glsr_ranking":0,"_glsr_reviews":0,"footnotes":""},"class_list":["post-427","page","type-page","status-publish","hentry"],"_links":{"self":[{"href":"https:\/\/insiri.eu\/sl\/wp-json\/wp\/v2\/pages\/427","targetHints":{"allow":["GET"]}}],"collection":[{"href":"https:\/\/insiri.eu\/sl\/wp-json\/wp\/v2\/pages"}],"about":[{"href":"https:\/\/insiri.eu\/sl\/wp-json\/wp\/v2\/types\/page"}],"author":[{"embeddable":true,"href":"https:\/\/insiri.eu\/sl\/wp-json\/wp\/v2\/users\/1"}],"replies":[{"embeddable":true,"href":"https:\/\/insiri.eu\/sl\/wp-json\/wp\/v2\/comments?post=427"}],"version-history":[{"count":1,"href":"https:\/\/insiri.eu\/sl\/wp-json\/wp\/v2\/pages\/427\/revisions"}],"predecessor-version":[{"id":428,"href":"https:\/\/insiri.eu\/sl\/wp-json\/wp\/v2\/pages\/427\/revisions\/428"}],"wp:attachment":[{"href":"https:\/\/insiri.eu\/sl\/wp-json\/wp\/v2\/media?parent=427"}],"curies":[{"name":"wp","href":"https:\/\/api.w.org\/{rel}","templated":true}]}}