{"id":417,"date":"2025-08-21T20:38:51","date_gmt":"2025-08-21T20:38:51","guid":{"rendered":"https:\/\/insiri.eu\/?page_id=417"},"modified":"2025-08-21T20:50:20","modified_gmt":"2025-08-21T20:50:20","slug":"pogoji","status":"publish","type":"page","link":"https:\/\/insiri.eu\/sl\/pogoji\/","title":{"rendered":"Pogoji poslovanja"},"content":{"rendered":"\r\n\r\n\r\n<p>Ti splo\u0161ni pogoji poslovanja veljajo za nakup izdelkov, opravljen preko spletne strani Wisst.eu.<\/p>\r\n<h4>Podatki o ponudniku<\/h4>\r\n<ul>\r\n<li>Naziv: Enter, d.o.o., Izola<\/li>\r\n<li>Naslov: Ulica oktobrske revolucije 19\/b, 6310 Izola<\/li>\r\n<li>Dav\u010dna \u0161tevilka: SI68226365<\/li>\r\n<li>Kontakt: 069731751, trgovina@wisst.eu<\/li>\r\n<\/ul>\r\n<h4>Naro\u010danje<\/h4>\r\n<p>Kupec lahko naro\u010dilo odda preko spletne strani s klikom na gumb \u00bbNaro\u010di zdaj\u00ab. Po oddaji naro\u010dila prejme kupec potrditveno e-po\u0161to.<\/p>\r\n<h4>Cene<\/h4>\r\n<p>Vse cene so navedene v evrih (\u20ac) in vklju\u010dujejo DDV . Cena velja ob oddaji naro\u010dila.<\/p>\r\n<h4>Pla\u010dilni pogoji<\/h4>\r\n<p>Ponudnik omogo\u010da naslednje na\u010dine pla\u010dila:<\/p>\r\n<ul>\r\n<li>Pla\u010dilo po predra\u010dunu<\/li>\r\n<li>Pla\u010dilo z ban\u010dno kartico<\/li>\r\n<\/ul>\r\n<h4>Dostava<\/h4>\r\n<p>Blago po\u0161iljamo preko Po\u0161te Slovenije na obmo\u010dje Slovenije, Italije in Hrva\u0161ke\u00a0 Stro\u0161ek po\u0161iljanja je naveden ob zaklju\u010dku naro\u010dila. Rok dostave je obi\u010dajno 2\u20135 delovnih dni.<\/p>\r\n<h4>Pravica do odstopa od pogodbe<\/h4>\r\n<p>Kupec ima pravico, da v 14 dneh od prejema izdelka ponudnika obvesti o odstopu od pogodbe brez navedbe razloga. Obvestilo lahko po\u0161lje na e-mail: trgovina@wisst.eu.<\/p>\r\n<p>Kupec mora blago vrniti najkasneje v 14 dneh po obvestilu. Stro\u0161ke vra\u010dila krije kupec.<\/p>\r\n<h4>Reklamacije in garancija<\/h4>\r\n<p>V primeru napake na izdelku ima kupec pravico do reklamacije v skladu z veljavno zakonodajo. Reklamacijo kupec sporo\u010di na trgovina@wisst.eu.<\/p>\r\n<h4>Varstvo osebnih podatkov<\/h4>\r\n<p>Osebni podatki kupcev se obdelujejo v skladu s politiko zasebnosti, objavljeno na spletni strani.<\/p>\r\n<h4>Pristojnost sodi\u0161\u010da<\/h4>\r\n<p>Za morebitne spore je pristojno sodi\u0161\u010de po sede\u017eu ponudnika.<\/p>\r\n","protected":false},"excerpt":{"rendered":"<p>Ti splo\u0161ni pogoji poslovanja veljajo za nakup izdelkov, opravljen preko spletne strani Wisst.eu. Podatki o ponudniku Naziv: Enter, d.o.o., Izola Naslov: Ulica oktobrske revolucije 19\/b, 6310 Izola Dav\u010dna \u0161tevilka: SI68226365 Kontakt: 069731751, trgovina@wisst.eu Naro\u010danje Kupec lahko naro\u010dilo odda preko spletne strani s klikom na gumb \u00bbNaro\u010di zdaj\u00ab. Po oddaji naro\u010dila prejme kupec potrditveno e-po\u0161to. Cene [&hellip;]<\/p>\n","protected":false},"author":1,"featured_media":0,"parent":0,"menu_order":0,"comment_status":"closed","ping_status":"closed","template":"","meta":{"site-sidebar-layout":"default","site-content-layout":"","ast-site-content-layout":"default","site-content-style":"default","site-sidebar-style":"default","ast-global-header-display":"","ast-banner-title-visibility":"","ast-main-header-display":"","ast-hfb-above-header-display":"","ast-hfb-below-header-display":"","ast-hfb-mobile-header-display":"","site-post-title":"","ast-breadcrumbs-content":"","ast-featured-img":"","footer-sml-layout":"","ast-disable-related-posts":"","theme-transparent-header-meta":"default","adv-header-id-meta":"","stick-header-meta":"","header-above-stick-meta":"","header-main-stick-meta":"","header-below-stick-meta":"","astra-migrate-meta-layouts":"set","ast-page-background-enabled":"default","ast-page-background-meta":{"desktop":{"background-color":"var(--ast-global-color-5)","background-image":"","background-repeat":"repeat","background-position":"center center","background-size":"auto","background-attachment":"scroll","background-type":"","background-media":"","overlay-type":"","overlay-color":"","overlay-opacity":"","overlay-gradient":""},"tablet":{"background-color":"","background-image":"","background-repeat":"repeat","background-position":"center center","background-size":"auto","background-attachment":"scroll","background-type":"","background-media":"","overlay-type":"","overlay-color":"","overlay-opacity":"","overlay-gradient":""},"mobile":{"background-color":"","background-image":"","background-repeat":"repeat","background-position":"center center","background-size":"auto","background-attachment":"scroll","background-type":"","background-media":"","overlay-type":"","overlay-color":"","overlay-opacity":"","overlay-gradient":""}},"ast-content-background-meta":{"desktop":{"background-color":"var(--ast-global-color-4)","background-image":"","background-repeat":"repeat","background-position":"center center","background-size":"auto","background-attachment":"scroll","background-type":"","background-media":"","overlay-type":"","overlay-color":"","overlay-opacity":"","overlay-gradient":""},"tablet":{"background-color":"var(--ast-global-color-4)","background-image":"","background-repeat":"repeat","background-position":"center center","background-size":"auto","background-attachment":"scroll","background-type":"","background-media":"","overlay-type":"","overlay-color":"","overlay-opacity":"","overlay-gradient":""},"mobile":{"background-color":"var(--ast-global-color-4)","background-image":"","background-repeat":"repeat","background-position":"center center","background-size":"auto","background-attachment":"scroll","background-type":"","background-media":"","overlay-type":"","overlay-color":"","overlay-opacity":"","overlay-gradient":""}},"_glsr_average":0,"_glsr_ranking":0,"_glsr_reviews":0,"footnotes":""},"class_list":["post-417","page","type-page","status-publish","hentry"],"_links":{"self":[{"href":"https:\/\/insiri.eu\/sl\/wp-json\/wp\/v2\/pages\/417","targetHints":{"allow":["GET"]}}],"collection":[{"href":"https:\/\/insiri.eu\/sl\/wp-json\/wp\/v2\/pages"}],"about":[{"href":"https:\/\/insiri.eu\/sl\/wp-json\/wp\/v2\/types\/page"}],"author":[{"embeddable":true,"href":"https:\/\/insiri.eu\/sl\/wp-json\/wp\/v2\/users\/1"}],"replies":[{"embeddable":true,"href":"https:\/\/insiri.eu\/sl\/wp-json\/wp\/v2\/comments?post=417"}],"version-history":[{"count":6,"href":"https:\/\/insiri.eu\/sl\/wp-json\/wp\/v2\/pages\/417\/revisions"}],"predecessor-version":[{"id":424,"href":"https:\/\/insiri.eu\/sl\/wp-json\/wp\/v2\/pages\/417\/revisions\/424"}],"wp:attachment":[{"href":"https:\/\/insiri.eu\/sl\/wp-json\/wp\/v2\/media?parent=417"}],"curies":[{"name":"wp","href":"https:\/\/api.w.org\/{rel}","templated":true}]}}