{"id":885,"date":"2025-08-21T20:58:10","date_gmt":"2025-08-21T18:58:10","guid":{"rendered":"https:\/\/insiri.eu\/chi-siamo\/"},"modified":"2025-08-21T20:58:10","modified_gmt":"2025-08-21T18:58:10","slug":"chi-siamo","status":"publish","type":"page","link":"https:\/\/insiri.eu\/it\/chi-siamo\/","title":{"rendered":"Chi siamo"},"content":{"rendered":"<p data-start=\"191\" data-end=\"437\">Siamo un&#8217;azienda familiare con una lunga tradizione, attiva dal 1992. Nel 2025 abbiamo rinnovato la collaborazione con gli amici svedesi, che hanno sviluppato un prodotto innovativo e di alta qualit\u00e0 per la protezione dei piani a induzione. <\/p>\n<p data-start=\"439\" data-end=\"593\">In collaborazione con loro, siamo lieti di offrire questo prodotto anche ai mercati vicini, poich\u00e9 crediamo fermamente nella qualit\u00e0 svedese e nel valore che porta con s\u00e9.<\/p>\n<p data-start=\"595\" data-end=\"679\">Il nostro obiettivo \u00e8 garantire una consegna rapida e un\u2019esperienza d\u2019acquisto semplice e piacevole.<\/p>\n<p data-start=\"681\" data-end=\"759\">Per qualsiasi domanda siamo a vostra disposizione all\u2019indirizzo e-mail <a class=\"decorated-link cursor-pointer\" rel=\"noopener\" data-start=\"718\" data-end=\"735\">trgovina@wisst.eu<\/a> oppure al numero +386 51 731 751.<\/p>\n","protected":false},"excerpt":{"rendered":"<p>Siamo un&#8217;azienda familiare con una lunga tradizione, attiva dal 1992. Nel 2025 abbiamo rinnovato la collaborazione con gli amici svedesi, che hanno sviluppato un prodotto innovativo e di alta qualit\u00e0 per la protezione dei piani a induzione. In collaborazione con loro, siamo lieti di offrire questo prodotto anche ai mercati vicini, poich\u00e9 crediamo fermamente nella [&hellip;]<\/p>\n","protected":false},"author":1,"featured_media":0,"parent":0,"menu_order":0,"comment_status":"closed","ping_status":"closed","template":"","meta":{"site-sidebar-layout":"default","site-content-layout":"","ast-site-content-layout":"default","site-content-style":"default","site-sidebar-style":"default","ast-global-header-display":"","ast-banner-title-visibility":"","ast-main-header-display":"","ast-hfb-above-header-display":"","ast-hfb-below-header-display":"","ast-hfb-mobile-header-display":"","site-post-title":"","ast-breadcrumbs-content":"","ast-featured-img":"","footer-sml-layout":"","ast-disable-related-posts":"","theme-transparent-header-meta":"default","adv-header-id-meta":"","stick-header-meta":"","header-above-stick-meta":"","header-main-stick-meta":"","header-below-stick-meta":"","astra-migrate-meta-layouts":"default","ast-page-background-enabled":"default","ast-page-background-meta":{"desktop":{"background-color":"var(--ast-global-color-5)","background-image":"","background-repeat":"repeat","background-position":"center center","background-size":"auto","background-attachment":"scroll","background-type":"","background-media":"","overlay-type":"","overlay-color":"","overlay-opacity":"","overlay-gradient":""},"tablet":{"background-color":"","background-image":"","background-repeat":"repeat","background-position":"center center","background-size":"auto","background-attachment":"scroll","background-type":"","background-media":"","overlay-type":"","overlay-color":"","overlay-opacity":"","overlay-gradient":""},"mobile":{"background-color":"","background-image":"","background-repeat":"repeat","background-position":"center center","background-size":"auto","background-attachment":"scroll","background-type":"","background-media":"","overlay-type":"","overlay-color":"","overlay-opacity":"","overlay-gradient":""}},"ast-content-background-meta":{"desktop":{"background-color":"var(--ast-global-color-4)","background-image":"","background-repeat":"repeat","background-position":"center center","background-size":"auto","background-attachment":"scroll","background-type":"","background-media":"","overlay-type":"","overlay-color":"","overlay-opacity":"","overlay-gradient":""},"tablet":{"background-color":"var(--ast-global-color-4)","background-image":"","background-repeat":"repeat","background-position":"center center","background-size":"auto","background-attachment":"scroll","background-type":"","background-media":"","overlay-type":"","overlay-color":"","overlay-opacity":"","overlay-gradient":""},"mobile":{"background-color":"var(--ast-global-color-4)","background-image":"","background-repeat":"repeat","background-position":"center center","background-size":"auto","background-attachment":"scroll","background-type":"","background-media":"","overlay-type":"","overlay-color":"","overlay-opacity":"","overlay-gradient":""}},"_glsr_average":0,"_glsr_ranking":0,"_glsr_reviews":0,"footnotes":""},"class_list":["post-885","page","type-page","status-publish","hentry"],"_links":{"self":[{"href":"https:\/\/insiri.eu\/it\/wp-json\/wp\/v2\/pages\/885","targetHints":{"allow":["GET"]}}],"collection":[{"href":"https:\/\/insiri.eu\/it\/wp-json\/wp\/v2\/pages"}],"about":[{"href":"https:\/\/insiri.eu\/it\/wp-json\/wp\/v2\/types\/page"}],"author":[{"embeddable":true,"href":"https:\/\/insiri.eu\/it\/wp-json\/wp\/v2\/users\/1"}],"replies":[{"embeddable":true,"href":"https:\/\/insiri.eu\/it\/wp-json\/wp\/v2\/comments?post=885"}],"version-history":[{"count":0,"href":"https:\/\/insiri.eu\/it\/wp-json\/wp\/v2\/pages\/885\/revisions"}],"wp:attachment":[{"href":"https:\/\/insiri.eu\/it\/wp-json\/wp\/v2\/media?parent=885"}],"curies":[{"name":"wp","href":"https:\/\/api.w.org\/{rel}","templated":true}]}}