{"id":781,"date":"2025-08-21T20:52:53","date_gmt":"2025-08-21T18:52:53","guid":{"rendered":"https:\/\/insiri.eu\/?page_id=781"},"modified":"2025-10-27T13:36:18","modified_gmt":"2025-10-27T12:36:18","slug":"postupak-povrata","status":"publish","type":"page","link":"https:\/\/insiri.eu\/hr\/postupak-povrata\/","title":{"rendered":"Postupak povrata"},"content":{"rendered":"<p data-start=\"2476\" data-end=\"2597\">Ako niste zadovoljni kupnjom, proizvod mo\u017eete vratiti u roku od <strong data-start=\"2540\" data-end=\"2551\">14 dana<\/strong> od primitka paketa \u2013 bez navo\u0111enja razloga.<\/p>\n<h3 data-start=\"2599\" data-end=\"2620\">\ud83d\udd04 Uvjeti povrata<\/h3>\n<ul data-start=\"2621\" data-end=\"2939\">\n<li data-start=\"2621\" data-end=\"2704\">\n<p data-start=\"2623\" data-end=\"2704\">Proizvod mora biti <strong data-start=\"2642\" data-end=\"2655\">neo\u0161te\u0107en<\/strong>, <strong data-start=\"2657\" data-end=\"2671\">nekori\u0161ten<\/strong> i u <strong data-start=\"2676\" data-end=\"2701\">originalnom pakiranju<\/strong>.<\/p>\n<\/li>\n<li data-start=\"2705\" data-end=\"2812\">\n<p data-start=\"2707\" data-end=\"2812\">Proizvodi koji pokazuju znakove uporabe ili nisu prikladni za daljnju prodaju <strong data-start=\"2785\" data-end=\"2809\">ne\u0107e biti prihva\u0107eni<\/strong>.<\/p>\n<\/li>\n<li data-start=\"2813\" data-end=\"2850\">\n<p data-start=\"2815\" data-end=\"2850\">Tro\u0161kove povrata <strong data-start=\"2832\" data-end=\"2847\">snosi kupac<\/strong>.<\/p>\n<\/li>\n<li data-start=\"2851\" data-end=\"2939\">\n<p data-start=\"2853\" data-end=\"2939\">Povrat novca bit \u0107e izvr\u0161en <strong data-start=\"2881\" data-end=\"2902\">u roku od 14 dana<\/strong> nakon primitka vra\u0107enog proizvoda.<\/p>\n<\/li>\n<\/ul>\n<h3 data-start=\"2941\" data-end=\"2964\">\u2709\ufe0f Postupak povrata<\/h3>\n<ol data-start=\"2965\" data-end=\"3287\">\n<li data-start=\"2965\" data-end=\"3035\">\n<p data-start=\"2968\" data-end=\"3035\">Pi\u0161ite nam na <strong data-start=\"2982\" data-end=\"3003\"><a class=\"decorated-link cursor-pointer\" rel=\"noopener\" data-start=\"2984\" data-end=\"3001\">trgovina@wisst.eu<\/a><\/strong> i navedite <strong data-start=\"3015\" data-end=\"3032\">broj narud\u017ebe<\/strong>.<\/p>\n<\/li>\n<li data-start=\"3036\" data-end=\"3165\">\n<p data-start=\"3039\" data-end=\"3165\">Po\u0161aljite proizvod na adresu:<br data-start=\"3068\" data-end=\"3071\" \/><strong data-start=\"3074\" data-end=\"3091\">Enter, d.o.o.<\/strong><br data-start=\"3091\" data-end=\"3094\" \/><strong data-start=\"3097\" data-end=\"3132\">Ulica oktobrske revolucije 18\/b<\/strong><br data-start=\"3132\" data-end=\"3135\" \/><strong data-start=\"3138\" data-end=\"3163\">6310 Izola, Slovenija<\/strong><\/p>\n<\/li>\n<li data-start=\"3166\" data-end=\"3287\">\n<p data-start=\"3169\" data-end=\"3287\">Nakon \u0161to primimo i provjerimo proizvod, izvr\u0161it \u0107emo povrat novca istim na\u010dinom pla\u0107anja kojim je kupnja obavljena.<\/p>\n<\/li>\n<\/ol>\n<h3 data-start=\"3289\" data-end=\"3313\">\ud83d\udd01 Zamjena proizvoda<\/h3>\n<p data-start=\"3314\" data-end=\"3454\">Ako \u017eelite <strong data-start=\"3325\" data-end=\"3339\">zamijeniti<\/strong> proizvod (npr. za drugu veli\u010dinu), kontaktirajte nas prije slanja kako bismo dogovorili najbr\u017ee mogu\u0107e rje\u0161enje.<\/p>\n","protected":false},"excerpt":{"rendered":"<p>Ako niste zadovoljni kupnjom, proizvod mo\u017eete vratiti u roku od 14 dana od primitka paketa \u2013 bez navo\u0111enja razloga. \ud83d\udd04 Uvjeti povrata Proizvod mora biti neo\u0161te\u0107en, nekori\u0161ten i u originalnom pakiranju. Proizvodi koji pokazuju znakove uporabe ili nisu prikladni za daljnju prodaju ne\u0107e biti prihva\u0107eni. Tro\u0161kove povrata snosi kupac. Povrat novca bit \u0107e izvr\u0161en u [&hellip;]<\/p>\n","protected":false},"author":1,"featured_media":0,"parent":0,"menu_order":0,"comment_status":"closed","ping_status":"closed","template":"","meta":{"site-sidebar-layout":"default","site-content-layout":"","ast-site-content-layout":"default","site-content-style":"default","site-sidebar-style":"default","ast-global-header-display":"","ast-banner-title-visibility":"","ast-main-header-display":"","ast-hfb-above-header-display":"","ast-hfb-below-header-display":"","ast-hfb-mobile-header-display":"","site-post-title":"","ast-breadcrumbs-content":"","ast-featured-img":"","footer-sml-layout":"","ast-disable-related-posts":"","theme-transparent-header-meta":"default","adv-header-id-meta":"","stick-header-meta":"","header-above-stick-meta":"","header-main-stick-meta":"","header-below-stick-meta":"","astra-migrate-meta-layouts":"set","ast-page-background-enabled":"default","ast-page-background-meta":{"desktop":{"background-color":"var(--ast-global-color-5)","background-image":"","background-repeat":"repeat","background-position":"center center","background-size":"auto","background-attachment":"scroll","background-type":"","background-media":"","overlay-type":"","overlay-color":"","overlay-opacity":"","overlay-gradient":""},"tablet":{"background-color":"","background-image":"","background-repeat":"repeat","background-position":"center center","background-size":"auto","background-attachment":"scroll","background-type":"","background-media":"","overlay-type":"","overlay-color":"","overlay-opacity":"","overlay-gradient":""},"mobile":{"background-color":"","background-image":"","background-repeat":"repeat","background-position":"center center","background-size":"auto","background-attachment":"scroll","background-type":"","background-media":"","overlay-type":"","overlay-color":"","overlay-opacity":"","overlay-gradient":""}},"ast-content-background-meta":{"desktop":{"background-color":"var(--ast-global-color-4)","background-image":"","background-repeat":"repeat","background-position":"center center","background-size":"auto","background-attachment":"scroll","background-type":"","background-media":"","overlay-type":"","overlay-color":"","overlay-opacity":"","overlay-gradient":""},"tablet":{"background-color":"var(--ast-global-color-4)","background-image":"","background-repeat":"repeat","background-position":"center center","background-size":"auto","background-attachment":"scroll","background-type":"","background-media":"","overlay-type":"","overlay-color":"","overlay-opacity":"","overlay-gradient":""},"mobile":{"background-color":"var(--ast-global-color-4)","background-image":"","background-repeat":"repeat","background-position":"center center","background-size":"auto","background-attachment":"scroll","background-type":"","background-media":"","overlay-type":"","overlay-color":"","overlay-opacity":"","overlay-gradient":""}},"_glsr_average":0,"_glsr_ranking":0,"_glsr_reviews":0,"footnotes":""},"class_list":["post-781","page","type-page","status-publish","hentry"],"_links":{"self":[{"href":"https:\/\/insiri.eu\/hr\/wp-json\/wp\/v2\/pages\/781","targetHints":{"allow":["GET"]}}],"collection":[{"href":"https:\/\/insiri.eu\/hr\/wp-json\/wp\/v2\/pages"}],"about":[{"href":"https:\/\/insiri.eu\/hr\/wp-json\/wp\/v2\/types\/page"}],"author":[{"embeddable":true,"href":"https:\/\/insiri.eu\/hr\/wp-json\/wp\/v2\/users\/1"}],"replies":[{"embeddable":true,"href":"https:\/\/insiri.eu\/hr\/wp-json\/wp\/v2\/comments?post=781"}],"version-history":[{"count":2,"href":"https:\/\/insiri.eu\/hr\/wp-json\/wp\/v2\/pages\/781\/revisions"}],"predecessor-version":[{"id":939,"href":"https:\/\/insiri.eu\/hr\/wp-json\/wp\/v2\/pages\/781\/revisions\/939"}],"wp:attachment":[{"href":"https:\/\/insiri.eu\/hr\/wp-json\/wp\/v2\/media?parent=781"}],"curies":[{"name":"wp","href":"https:\/\/api.w.org\/{rel}","templated":true}]}}