{"id":768,"date":"2025-08-21T21:56:06","date_gmt":"2025-08-21T19:56:06","guid":{"rendered":"https:\/\/insiri.eu\/?page_id=768"},"modified":"2025-09-03T23:25:01","modified_gmt":"2025-09-03T21:25:01","slug":"izjava-o-odricanju-od-odgovornosti","status":"publish","type":"page","link":"https:\/\/insiri.eu\/hr\/izjava-o-odricanju-od-odgovornosti\/","title":{"rendered":"Izjava o odricanju od odgovornosti"},"content":{"rendered":"<p data-start=\"89\" data-end=\"211\">Sadr\u017eaj web trgovine <strong data-start=\"110\" data-end=\"122\">wisst.eu<\/strong> pripremljen je s najve\u0107om pa\u017enjom. Unato\u010d tome, upravitelj ne preuzima odgovornost za:<\/p>\n<ul data-start=\"213\" data-end=\"460\">\n<li data-start=\"213\" data-end=\"303\">\n<p data-start=\"215\" data-end=\"303\">mogu\u0107e pogre\u0161ke ili neto\u010dnosti u objavljenim sadr\u017eajima, cijenama i opisima proizvoda,<\/p>\n<\/li>\n<li data-start=\"304\" data-end=\"391\">\n<p data-start=\"306\" data-end=\"391\">mogu\u0107u \u0161tetu koja bi nastala uporabom informacija ili proizvoda s ove web stranice,<\/p>\n<\/li>\n<li data-start=\"392\" data-end=\"460\">\n<p data-start=\"394\" data-end=\"460\">sadr\u017eaj i to\u010dnost podataka na povezanim vanjskim web stranicama.<\/p>\n<\/li>\n<\/ul>\n<p data-start=\"462\" data-end=\"699\">Podaci o proizvodima (opisi, fotografije, svojstva) informativne su prirode i mogu se razlikovati od stvarnog proizvoda. Web trgovina <strong data-start=\"596\" data-end=\"608\">wisst.eu<\/strong> ne zamjenjuje stru\u010dni savjet; korisnici sve informacije koriste na vlastitu odgovornost.<\/p>\n<p data-start=\"701\" data-end=\"844\">Pridr\u017eavamo pravo da sadr\u017eaje, proizvode, cijene ili uvjete u bilo kojem trenutku izmijenimo, dopunimo ili uklonimo bez prethodne obavijesti.<\/p>\n","protected":false},"excerpt":{"rendered":"<p>Sadr\u017eaj web trgovine wisst.eu pripremljen je s najve\u0107om pa\u017enjom. Unato\u010d tome, upravitelj ne preuzima odgovornost za: mogu\u0107e pogre\u0161ke ili neto\u010dnosti u objavljenim sadr\u017eajima, cijenama i opisima proizvoda, mogu\u0107u \u0161tetu koja bi nastala uporabom informacija ili proizvoda s ove web stranice, sadr\u017eaj i to\u010dnost podataka na povezanim vanjskim web stranicama. Podaci o proizvodima (opisi, fotografije, svojstva) [&hellip;]<\/p>\n","protected":false},"author":1,"featured_media":0,"parent":0,"menu_order":0,"comment_status":"closed","ping_status":"closed","template":"","meta":{"site-sidebar-layout":"default","site-content-layout":"","ast-site-content-layout":"default","site-content-style":"default","site-sidebar-style":"default","ast-global-header-display":"","ast-banner-title-visibility":"","ast-main-header-display":"","ast-hfb-above-header-display":"","ast-hfb-below-header-display":"","ast-hfb-mobile-header-display":"","site-post-title":"","ast-breadcrumbs-content":"","ast-featured-img":"","footer-sml-layout":"","ast-disable-related-posts":"","theme-transparent-header-meta":"default","adv-header-id-meta":"","stick-header-meta":"","header-above-stick-meta":"","header-main-stick-meta":"","header-below-stick-meta":"","astra-migrate-meta-layouts":"set","ast-page-background-enabled":"default","ast-page-background-meta":{"desktop":{"background-color":"var(--ast-global-color-5)","background-image":"","background-repeat":"repeat","background-position":"center center","background-size":"auto","background-attachment":"scroll","background-type":"","background-media":"","overlay-type":"","overlay-color":"","overlay-opacity":"","overlay-gradient":""},"tablet":{"background-color":"","background-image":"","background-repeat":"repeat","background-position":"center center","background-size":"auto","background-attachment":"scroll","background-type":"","background-media":"","overlay-type":"","overlay-color":"","overlay-opacity":"","overlay-gradient":""},"mobile":{"background-color":"","background-image":"","background-repeat":"repeat","background-position":"center center","background-size":"auto","background-attachment":"scroll","background-type":"","background-media":"","overlay-type":"","overlay-color":"","overlay-opacity":"","overlay-gradient":""}},"ast-content-background-meta":{"desktop":{"background-color":"var(--ast-global-color-4)","background-image":"","background-repeat":"repeat","background-position":"center center","background-size":"auto","background-attachment":"scroll","background-type":"","background-media":"","overlay-type":"","overlay-color":"","overlay-opacity":"","overlay-gradient":""},"tablet":{"background-color":"var(--ast-global-color-4)","background-image":"","background-repeat":"repeat","background-position":"center center","background-size":"auto","background-attachment":"scroll","background-type":"","background-media":"","overlay-type":"","overlay-color":"","overlay-opacity":"","overlay-gradient":""},"mobile":{"background-color":"var(--ast-global-color-4)","background-image":"","background-repeat":"repeat","background-position":"center center","background-size":"auto","background-attachment":"scroll","background-type":"","background-media":"","overlay-type":"","overlay-color":"","overlay-opacity":"","overlay-gradient":""}},"_glsr_average":0,"_glsr_ranking":0,"_glsr_reviews":0,"footnotes":""},"class_list":["post-768","page","type-page","status-publish","hentry"],"_links":{"self":[{"href":"https:\/\/insiri.eu\/hr\/wp-json\/wp\/v2\/pages\/768","targetHints":{"allow":["GET"]}}],"collection":[{"href":"https:\/\/insiri.eu\/hr\/wp-json\/wp\/v2\/pages"}],"about":[{"href":"https:\/\/insiri.eu\/hr\/wp-json\/wp\/v2\/types\/page"}],"author":[{"embeddable":true,"href":"https:\/\/insiri.eu\/hr\/wp-json\/wp\/v2\/users\/1"}],"replies":[{"embeddable":true,"href":"https:\/\/insiri.eu\/hr\/wp-json\/wp\/v2\/comments?post=768"}],"version-history":[{"count":1,"href":"https:\/\/insiri.eu\/hr\/wp-json\/wp\/v2\/pages\/768\/revisions"}],"predecessor-version":[{"id":769,"href":"https:\/\/insiri.eu\/hr\/wp-json\/wp\/v2\/pages\/768\/revisions\/769"}],"wp:attachment":[{"href":"https:\/\/insiri.eu\/hr\/wp-json\/wp\/v2\/media?parent=768"}],"curies":[{"name":"wp","href":"https:\/\/api.w.org\/{rel}","templated":true}]}}