{"id":765,"date":"2025-08-21T20:38:51","date_gmt":"2025-08-21T18:38:51","guid":{"rendered":"https:\/\/insiri.eu\/uvjeti-poslovanja\/"},"modified":"2025-09-03T23:18:51","modified_gmt":"2025-09-03T21:18:51","slug":"uvjeti-poslovanja","status":"publish","type":"page","link":"https:\/\/insiri.eu\/hr\/uvjeti-poslovanja\/","title":{"rendered":"Uvjeti poslovanja"},"content":{"rendered":"&#13;\n<p>Ovi op\u0107i uvjeti poslovanja vrijede za kupnju proizvoda obavljenu putem web stranice Wisst.eu.<\/p>&#13;\n<h4>Podatki o ponudniku<\/h4>&#13;\n<ul>&#13;\n<li>Naziv: Enter, d.o.o., Izola<\/li>&#13;\n<li>Naslov: Ulica oktobrske revolucije 19\/b, 6310 Izola<\/li>&#13;\n<li>Dav\u010dna \u0161tevilka: SI68226365<\/li>&#13;\n<li>Kontakt: 069731751, trgovina@wisst.eu<\/li>&#13;\n<\/ul>&#13;\n<h4>Naro\u010danje<\/h4>&#13;\n<p>Kupac mo\u017ee narud\u017ebu izvr\u0161iti putem web stranice klikom na gumb \u00bbNaru\u010di sada\u00ab. Nakon slanja narud\u017ebe kupac prima potvrdu putem e-po\u0161te.<\/p>&#13;\n<h4>Cene<\/h4>&#13;\n<p>Sve cijene navedene su u eurima (\u20ac) i uklju\u010duju DDV. Cijena vrijedi u trenutku predaje narud\u017ebe.<\/p>&#13;\n<h4>Pla\u010dilni pogoji<\/h4>&#13;\n<p>Ponu\u0111a\u010d omogu\u0107uje sljede\u0107e na\u010dine pla\u0107anja:<\/p>&#13;\n<ul>&#13;\n<li>Pla\u010dilo po predra\u010dunu<\/li>&#13;\n<li>Pla\u010dilo z ban\u010dno kartico<\/li>&#13;\n<\/ul>&#13;\n<h4>Dostava<\/h4>&#13;\n<p>Robu \u0161aljemo putem Po\u0161te Slovenije na podru\u010dju Slovenije, Italije i Hrvatske. Tro\u0161ak dostave naveden je pri zavr\u0161etku narud\u017ebe. Rok dostave je obi\u010dno 2\u20135 radnih dana.<\/p>&#13;\n<h4>Pravica do odstopa od pogodbe<\/h4>&#13;\n<p>Kupac ima pravo da u roku od 14 dana od primitka proizvoda obavijesti ponu\u0111a\u010da o odustanku od ugovora bez navo\u0111enja razloga. Obavijest se mo\u017ee poslati na e-mail: trgovina@wisst.eu<\/p>&#13;\n<p>Kupac je du\u017ean vratiti robu najkasnije u roku od 14 dana nakon obavijesti. Tro\u0161ak povrata snosi kupac.<\/p>&#13;\n<h4>Reklamacije in garancija<\/h4>&#13;\n<p>U slu\u010daju nedostatka na proizvodu kupac ima pravo na reklamaciju u skladu s va\u017ee\u0107im zakonodavstvom. Reklamaciju kupac prijavljuje na trgovina@wisst.eu<\/p>&#13;\n<h4>Varstvo osebnih podatkov<\/h4>&#13;\n<p>Osobni podaci kupaca obra\u0111uju se u skladu s politikom privatnosti objavljenom na web stranici.<\/p>&#13;\n<h4>Pristojnost sodi\u0161\u010da<\/h4>&#13;\n<p>Za eventualne sporove nadle\u017ean je sud prema sjedi\u0161tu ponu\u0111a\u010da.<\/p>&#13;\n","protected":false},"excerpt":{"rendered":"<p>&#13; Ovi op\u0107i uvjeti poslovanja vrijede za kupnju proizvoda obavljenu putem web stranice Wisst.eu. &#13; Podatki o ponudniku &#13; &#13; Naziv: Enter, d.o.o., Izola &#13; Naslov: Ulica oktobrske revolucije 19\/b, 6310 Izola &#13; Dav\u010dna \u0161tevilka: SI68226365 &#13; Kontakt: 069731751, trgovina@wisst.eu &#13; &#13; Naro\u010danje &#13; Kupac mo\u017ee narud\u017ebu izvr\u0161iti putem web stranice klikom na gumb \u00bbNaru\u010di [&hellip;]<\/p>\n","protected":false},"author":1,"featured_media":0,"parent":0,"menu_order":0,"comment_status":"closed","ping_status":"closed","template":"","meta":{"site-sidebar-layout":"default","site-content-layout":"","ast-site-content-layout":"default","site-content-style":"default","site-sidebar-style":"default","ast-global-header-display":"","ast-banner-title-visibility":"","ast-main-header-display":"","ast-hfb-above-header-display":"","ast-hfb-below-header-display":"","ast-hfb-mobile-header-display":"","site-post-title":"","ast-breadcrumbs-content":"","ast-featured-img":"","footer-sml-layout":"","ast-disable-related-posts":"","theme-transparent-header-meta":"default","adv-header-id-meta":"","stick-header-meta":"","header-above-stick-meta":"","header-main-stick-meta":"","header-below-stick-meta":"","astra-migrate-meta-layouts":"default","ast-page-background-enabled":"default","ast-page-background-meta":{"desktop":{"background-color":"var(--ast-global-color-5)","background-image":"","background-repeat":"repeat","background-position":"center center","background-size":"auto","background-attachment":"scroll","background-type":"","background-media":"","overlay-type":"","overlay-color":"","overlay-opacity":"","overlay-gradient":""},"tablet":{"background-color":"","background-image":"","background-repeat":"repeat","background-position":"center center","background-size":"auto","background-attachment":"scroll","background-type":"","background-media":"","overlay-type":"","overlay-color":"","overlay-opacity":"","overlay-gradient":""},"mobile":{"background-color":"","background-image":"","background-repeat":"repeat","background-position":"center center","background-size":"auto","background-attachment":"scroll","background-type":"","background-media":"","overlay-type":"","overlay-color":"","overlay-opacity":"","overlay-gradient":""}},"ast-content-background-meta":{"desktop":{"background-color":"var(--ast-global-color-4)","background-image":"","background-repeat":"repeat","background-position":"center center","background-size":"auto","background-attachment":"scroll","background-type":"","background-media":"","overlay-type":"","overlay-color":"","overlay-opacity":"","overlay-gradient":""},"tablet":{"background-color":"var(--ast-global-color-4)","background-image":"","background-repeat":"repeat","background-position":"center center","background-size":"auto","background-attachment":"scroll","background-type":"","background-media":"","overlay-type":"","overlay-color":"","overlay-opacity":"","overlay-gradient":""},"mobile":{"background-color":"var(--ast-global-color-4)","background-image":"","background-repeat":"repeat","background-position":"center center","background-size":"auto","background-attachment":"scroll","background-type":"","background-media":"","overlay-type":"","overlay-color":"","overlay-opacity":"","overlay-gradient":""}},"_glsr_average":0,"_glsr_ranking":0,"_glsr_reviews":0,"footnotes":""},"class_list":["post-765","page","type-page","status-publish","hentry"],"_links":{"self":[{"href":"https:\/\/insiri.eu\/hr\/wp-json\/wp\/v2\/pages\/765","targetHints":{"allow":["GET"]}}],"collection":[{"href":"https:\/\/insiri.eu\/hr\/wp-json\/wp\/v2\/pages"}],"about":[{"href":"https:\/\/insiri.eu\/hr\/wp-json\/wp\/v2\/types\/page"}],"author":[{"embeddable":true,"href":"https:\/\/insiri.eu\/hr\/wp-json\/wp\/v2\/users\/1"}],"replies":[{"embeddable":true,"href":"https:\/\/insiri.eu\/hr\/wp-json\/wp\/v2\/comments?post=765"}],"version-history":[{"count":1,"href":"https:\/\/insiri.eu\/hr\/wp-json\/wp\/v2\/pages\/765\/revisions"}],"predecessor-version":[{"id":766,"href":"https:\/\/insiri.eu\/hr\/wp-json\/wp\/v2\/pages\/765\/revisions\/766"}],"wp:attachment":[{"href":"https:\/\/insiri.eu\/hr\/wp-json\/wp\/v2\/media?parent=765"}],"curies":[{"name":"wp","href":"https:\/\/api.w.org\/{rel}","templated":true}]}}