{"id":764,"date":"2025-08-21T20:58:10","date_gmt":"2025-08-21T18:58:10","guid":{"rendered":"https:\/\/insiri.eu\/o-nama\/"},"modified":"2025-08-21T20:58:10","modified_gmt":"2025-08-21T18:58:10","slug":"o-nama","status":"publish","type":"page","link":"https:\/\/insiri.eu\/hr\/o-nama\/","title":{"rendered":"O nama"},"content":{"rendered":"<p data-start=\"191\" data-end=\"437\">Mi smo obiteljska tvrtka s dugogodi\u0161njom tradicijom, koja posluje jo\u0161 od 1992. godine. U 2025. obnovili smo suradnju s prijateljima iz \u0160vedske, koji su razvili inovativan i kvalitetan proizvod za za\u0161titu indukcijskih plo\u010da.<\/p>\n<p data-start=\"439\" data-end=\"593\">U partnerstvu s njima s veseljem nudimo ovaj proizvod i na na\u0161im tr\u017ei\u0161tima, jer \u010dvrsto vjerujemo u \u0161vedsku kvalitetu i vrijednost koju donosi.<\/p>\n<p data-start=\"595\" data-end=\"679\">Na\u0161 cilj je osigurati brzu dostavu te jednostavno i ugodno iskustvo kupovine.<\/p>\n<p data-start=\"681\" data-end=\"759\">Za sva pitanja stojimo vam na raspolaganju na <a class=\"decorated-link cursor-pointer\" rel=\"noopener\" data-start=\"718\" data-end=\"735\">trgovina@wisst.eu<\/a> ili +386 51 731 751.<\/p>\n","protected":false},"excerpt":{"rendered":"<p>Mi smo obiteljska tvrtka s dugogodi\u0161njom tradicijom, koja posluje jo\u0161 od 1992. godine. U 2025. obnovili smo suradnju s prijateljima iz \u0160vedske, koji su razvili inovativan i kvalitetan proizvod za za\u0161titu indukcijskih plo\u010da. U partnerstvu s njima s veseljem nudimo ovaj proizvod i na na\u0161im tr\u017ei\u0161tima, jer \u010dvrsto vjerujemo u \u0161vedsku kvalitetu i vrijednost koju [&hellip;]<\/p>\n","protected":false},"author":1,"featured_media":0,"parent":0,"menu_order":0,"comment_status":"closed","ping_status":"closed","template":"","meta":{"site-sidebar-layout":"default","site-content-layout":"","ast-site-content-layout":"default","site-content-style":"default","site-sidebar-style":"default","ast-global-header-display":"","ast-banner-title-visibility":"","ast-main-header-display":"","ast-hfb-above-header-display":"","ast-hfb-below-header-display":"","ast-hfb-mobile-header-display":"","site-post-title":"","ast-breadcrumbs-content":"","ast-featured-img":"","footer-sml-layout":"","ast-disable-related-posts":"","theme-transparent-header-meta":"default","adv-header-id-meta":"","stick-header-meta":"","header-above-stick-meta":"","header-main-stick-meta":"","header-below-stick-meta":"","astra-migrate-meta-layouts":"default","ast-page-background-enabled":"default","ast-page-background-meta":{"desktop":{"background-color":"var(--ast-global-color-5)","background-image":"","background-repeat":"repeat","background-position":"center center","background-size":"auto","background-attachment":"scroll","background-type":"","background-media":"","overlay-type":"","overlay-color":"","overlay-opacity":"","overlay-gradient":""},"tablet":{"background-color":"","background-image":"","background-repeat":"repeat","background-position":"center center","background-size":"auto","background-attachment":"scroll","background-type":"","background-media":"","overlay-type":"","overlay-color":"","overlay-opacity":"","overlay-gradient":""},"mobile":{"background-color":"","background-image":"","background-repeat":"repeat","background-position":"center center","background-size":"auto","background-attachment":"scroll","background-type":"","background-media":"","overlay-type":"","overlay-color":"","overlay-opacity":"","overlay-gradient":""}},"ast-content-background-meta":{"desktop":{"background-color":"var(--ast-global-color-4)","background-image":"","background-repeat":"repeat","background-position":"center center","background-size":"auto","background-attachment":"scroll","background-type":"","background-media":"","overlay-type":"","overlay-color":"","overlay-opacity":"","overlay-gradient":""},"tablet":{"background-color":"var(--ast-global-color-4)","background-image":"","background-repeat":"repeat","background-position":"center center","background-size":"auto","background-attachment":"scroll","background-type":"","background-media":"","overlay-type":"","overlay-color":"","overlay-opacity":"","overlay-gradient":""},"mobile":{"background-color":"var(--ast-global-color-4)","background-image":"","background-repeat":"repeat","background-position":"center center","background-size":"auto","background-attachment":"scroll","background-type":"","background-media":"","overlay-type":"","overlay-color":"","overlay-opacity":"","overlay-gradient":""}},"_glsr_average":0,"_glsr_ranking":0,"_glsr_reviews":0,"footnotes":""},"class_list":["post-764","page","type-page","status-publish","hentry"],"_links":{"self":[{"href":"https:\/\/insiri.eu\/hr\/wp-json\/wp\/v2\/pages\/764","targetHints":{"allow":["GET"]}}],"collection":[{"href":"https:\/\/insiri.eu\/hr\/wp-json\/wp\/v2\/pages"}],"about":[{"href":"https:\/\/insiri.eu\/hr\/wp-json\/wp\/v2\/types\/page"}],"author":[{"embeddable":true,"href":"https:\/\/insiri.eu\/hr\/wp-json\/wp\/v2\/users\/1"}],"replies":[{"embeddable":true,"href":"https:\/\/insiri.eu\/hr\/wp-json\/wp\/v2\/comments?post=764"}],"version-history":[{"count":0,"href":"https:\/\/insiri.eu\/hr\/wp-json\/wp\/v2\/pages\/764\/revisions"}],"wp:attachment":[{"href":"https:\/\/insiri.eu\/hr\/wp-json\/wp\/v2\/media?parent=764"}],"curies":[{"name":"wp","href":"https:\/\/api.w.org\/{rel}","templated":true}]}}