{"id":487,"date":"2025-08-21T20:55:42","date_gmt":"2025-08-21T20:55:42","guid":{"rendered":"https:\/\/insiri.eu\/dostava-i-placanje\/"},"modified":"2025-10-27T13:19:16","modified_gmt":"2025-10-27T12:19:16","slug":"dostava-i-placanje","status":"publish","type":"page","link":"https:\/\/insiri.eu\/hr\/dostava-i-placanje\/","title":{"rendered":"Dostava i pla\u0107anje"},"content":{"rendered":"<h4>Dostava:<\/h4>\n<ul>\n<li>Paketi se dostavljaju putem Po\u0161te Slovenije.<\/li>\n<li>Tro\u0161ak dostave: 2,49 \u20ac.<\/li>\n<li>Za narud\u017ebe iznad 50 \u20ac dostava je besplatna.<\/li>\n<li>Rok dostave: 2\u20135 radnih dana<\/li>\n<\/ul>\n<h4>Pla\u0107anje:<\/h4>\n<ul>\n<li>Po predra\u010dunu<\/li>\n<li>Pla\u0107anje karticom.<\/li>\n<\/ul>\n","protected":false},"excerpt":{"rendered":"<p>Dostava: Paketi se dostavljaju putem Po\u0161te Slovenije. Tro\u0161ak dostave: 2,49 \u20ac. Za narud\u017ebe iznad 50 \u20ac dostava je besplatna. Rok dostave: 2\u20135 radnih dana Pla\u0107anje: Po predra\u010dunu Pla\u0107anje karticom.<\/p>\n","protected":false},"author":1,"featured_media":0,"parent":0,"menu_order":0,"comment_status":"closed","ping_status":"closed","template":"","meta":{"site-sidebar-layout":"default","site-content-layout":"","ast-site-content-layout":"default","site-content-style":"default","site-sidebar-style":"default","ast-global-header-display":"","ast-banner-title-visibility":"","ast-main-header-display":"","ast-hfb-above-header-display":"","ast-hfb-below-header-display":"","ast-hfb-mobile-header-display":"","site-post-title":"","ast-breadcrumbs-content":"","ast-featured-img":"","footer-sml-layout":"","ast-disable-related-posts":"","theme-transparent-header-meta":"default","adv-header-id-meta":"","stick-header-meta":"","header-above-stick-meta":"","header-main-stick-meta":"","header-below-stick-meta":"","astra-migrate-meta-layouts":"default","ast-page-background-enabled":"default","ast-page-background-meta":{"desktop":{"background-color":"var(--ast-global-color-5)","background-image":"","background-repeat":"repeat","background-position":"center center","background-size":"auto","background-attachment":"scroll","background-type":"","background-media":"","overlay-type":"","overlay-color":"","overlay-opacity":"","overlay-gradient":""},"tablet":{"background-color":"","background-image":"","background-repeat":"repeat","background-position":"center center","background-size":"auto","background-attachment":"scroll","background-type":"","background-media":"","overlay-type":"","overlay-color":"","overlay-opacity":"","overlay-gradient":""},"mobile":{"background-color":"","background-image":"","background-repeat":"repeat","background-position":"center center","background-size":"auto","background-attachment":"scroll","background-type":"","background-media":"","overlay-type":"","overlay-color":"","overlay-opacity":"","overlay-gradient":""}},"ast-content-background-meta":{"desktop":{"background-color":"var(--ast-global-color-4)","background-image":"","background-repeat":"repeat","background-position":"center center","background-size":"auto","background-attachment":"scroll","background-type":"","background-media":"","overlay-type":"","overlay-color":"","overlay-opacity":"","overlay-gradient":""},"tablet":{"background-color":"var(--ast-global-color-4)","background-image":"","background-repeat":"repeat","background-position":"center center","background-size":"auto","background-attachment":"scroll","background-type":"","background-media":"","overlay-type":"","overlay-color":"","overlay-opacity":"","overlay-gradient":""},"mobile":{"background-color":"var(--ast-global-color-4)","background-image":"","background-repeat":"repeat","background-position":"center center","background-size":"auto","background-attachment":"scroll","background-type":"","background-media":"","overlay-type":"","overlay-color":"","overlay-opacity":"","overlay-gradient":""}},"_glsr_average":0,"_glsr_ranking":0,"_glsr_reviews":0,"footnotes":""},"class_list":["post-487","page","type-page","status-publish","hentry"],"_links":{"self":[{"href":"https:\/\/insiri.eu\/hr\/wp-json\/wp\/v2\/pages\/487","targetHints":{"allow":["GET"]}}],"collection":[{"href":"https:\/\/insiri.eu\/hr\/wp-json\/wp\/v2\/pages"}],"about":[{"href":"https:\/\/insiri.eu\/hr\/wp-json\/wp\/v2\/types\/page"}],"author":[{"embeddable":true,"href":"https:\/\/insiri.eu\/hr\/wp-json\/wp\/v2\/users\/1"}],"replies":[{"embeddable":true,"href":"https:\/\/insiri.eu\/hr\/wp-json\/wp\/v2\/comments?post=487"}],"version-history":[{"count":1,"href":"https:\/\/insiri.eu\/hr\/wp-json\/wp\/v2\/pages\/487\/revisions"}],"predecessor-version":[{"id":761,"href":"https:\/\/insiri.eu\/hr\/wp-json\/wp\/v2\/pages\/487\/revisions\/761"}],"wp:attachment":[{"href":"https:\/\/insiri.eu\/hr\/wp-json\/wp\/v2\/media?parent=487"}],"curies":[{"name":"wp","href":"https:\/\/api.w.org\/{rel}","templated":true}]}}